{"id":2237,"date":"2018-05-23T22:20:03","date_gmt":"2018-05-23T20:20:03","guid":{"rendered":"https:\/\/www.blasorchester-herford.de\/?page_id=2237"},"modified":"2018-05-23T22:20:03","modified_gmt":"2018-05-23T20:20:03","slug":"informationen-zum-datenschutz","status":"publish","type":"page","link":"https:\/\/www.blasorchester-herford.de\/?page_id=2237","title":{"rendered":"Informationen zum Datenschutz"},"content":{"rendered":"<p>Die Datenschutzgrundverordnung der Europ\u00e4ischen Union verpflichtet auch das Blasorchester Feuerwehr Herford (BFH), Angaben zum Datenschutz zu machen.<\/p>\n<p>Das BFH ist eine Einheit der Feuerwehr der Hansestadt Herford, Werrestra\u00dfe 103a, 32049 Herford.<\/p>\n<p>Die Hansestadt Herford hat eine Datenschutzbeauftragte bestellt, die \u00fcber die Adresse der Verwaltung, Rathausplatz 1, 32052 Herford, zu erreichen ist. N\u00e4here Informationen erhalten Sie \u00fcber den <a href=\"https:\/\/www.herford.de\" target=\"_blank\" rel=\"noopener\">Internetauftritt der Hansestadt Herford<\/a>.<\/p>\n<p>Das BFH verarbeitet personenbezogene Daten (z.B. Name, Adresse, Telefonnummer und Email-Adresse) von Konzertveranstaltern, Mitgliedern und sonstigen Personen gem\u00e4\u00df Art. 6 Absatz 1 DSGVO im Rahmen der Abwicklung von Auftritten und deren Vorbereitung, bei Vorliegen einer jederzeit widerrufbaren Einwilligung f\u00fcr Informationszwecke \u00fcber die Arbeit des Orchesters sowie im Rahmen der Mitgliederverwaltung.<\/p>\n<p>Die Daten werden vom BFH nicht weitergegeben, es sei denn, es besteht eine gesetzliche Verpflichtung zur Weitergabe an Beh\u00f6rden oder Sozialversicherungstr\u00e4ger. Die Daten werden solange aufbewahrt, wie sie f\u00fcr die Aufgabenerf\u00fcllung notwendig sind, danach werden sie gel\u00f6scht, soweit sich nicht aus Gesetz oder Verwaltungsvorschriften Aufbewahrungspflichten ergeben.<\/p>\n<p>Eine Einwilligung zur Datenverarbeitung z.B. zum Zweck des Erhalts aktueller Informationen kann jederzeit widerrufen werden, was die Rechtm\u00e4\u00dfigkeit der Verarbeitung bis zum Widerruf und evtl. Aufbewahrungspflichten unber\u00fchrt l\u00e4sst.<\/p>\n<p>Gem\u00e4\u00df Art 13 Abs.2 DSGVO kann jeder Betroffene Auskunft dar\u00fcber verlangen, welche Daten von ihm gespeichert werden und ggf. die Berichtigung bzw. L\u00f6schung der Daten verlangen, soweit dem nicht Aufbewahrungspflichten entgegenstehen.<\/p>\n<p>Zust\u00e4ndige Aufsichtsbeh\u00f6rde f\u00fcr die Hansestadt Herford ist der Landesbeauftragte f\u00fcr Datenschutz und Informationsfreiheit Nordrhein-Westfalen, Kavalleriestr. 2-4, 40213 D\u00fcsseldorf, Telefon: 0211\/38424-0, Telefax: 0211\/38424-10, E-Mail: poststelle@ldi.nrw.de, an den sich jeder mit Beschwerden wenden kann.<\/p>\n<p>Soweit der Internetauftritt des BFH Verlinkungen zu Seiten anderer Anbieter enth\u00e4lt, entnehmen Sie Zweck und Umfang der Datenerhebung und die weitere Verarbeitung und Nutzung der Daten durch die Anbieter sowie Ihre diesbez\u00fcglichen Rechte und Einstellungsm\u00f6glichkeiten zum Schutz Ihrer Privatsph\u00e4re bitte den dortigen Datenschutzhinweisen. Gleiches gilt f\u00fcr den Besuch der Facebook-Seiten des BFH. Von Seiten des BFH erfolgen hier keine Datenweitergaben oder -verarbeitung.<\/p>\n","protected":false},"excerpt":{"rendered":"<p>Die Datenschutzgrundverordnung der Europ\u00e4ischen Union verpflichtet auch das Blasorchester Feuerwehr Herford (BFH), Angaben zum Datenschutz zu machen. Das BFH ist eine Einheit der Feuerwehr der Hansestadt Herford, Werrestra\u00dfe 103a, 32049 Herford. Die Hansestadt Herford hat eine Datenschutzbeauftragte bestellt, die \u00fcber die Adresse der Verwaltung, Rathausplatz 1, 32052 Herford, zu erreichen ist. N\u00e4here Informationen erhalten Sie [&hellip;]<\/p>\n","protected":false},"author":1,"featured_media":0,"parent":0,"menu_order":0,"comment_status":"closed","ping_status":"closed","template":"","meta":[],"_links":{"self":[{"href":"https:\/\/www.blasorchester-herford.de\/index.php?rest_route=\/wp\/v2\/pages\/2237"}],"collection":[{"href":"https:\/\/www.blasorchester-herford.de\/index.php?rest_route=\/wp\/v2\/pages"}],"about":[{"href":"https:\/\/www.blasorchester-herford.de\/index.php?rest_route=\/wp\/v2\/types\/page"}],"author":[{"embeddable":true,"href":"https:\/\/www.blasorchester-herford.de\/index.php?rest_route=\/wp\/v2\/users\/1"}],"replies":[{"embeddable":true,"href":"https:\/\/www.blasorchester-herford.de\/index.php?rest_route=%2Fwp%2Fv2%2Fcomments&post=2237"}],"version-history":[{"count":1,"href":"https:\/\/www.blasorchester-herford.de\/index.php?rest_route=\/wp\/v2\/pages\/2237\/revisions"}],"predecessor-version":[{"id":2238,"href":"https:\/\/www.blasorchester-herford.de\/index.php?rest_route=\/wp\/v2\/pages\/2237\/revisions\/2238"}],"wp:attachment":[{"href":"https:\/\/www.blasorchester-herford.de\/index.php?rest_route=%2Fwp%2Fv2%2Fmedia&parent=2237"}],"curies":[{"name":"wp","href":"https:\/\/api.w.org\/{rel}","templated":true}]}}