{"id":23,"date":"2012-09-29T14:41:13","date_gmt":"2012-09-29T12:41:13","guid":{"rendered":"http:\/\/www.blasorchester-herford.de\/wordpress\/?page_id=23"},"modified":"2025-04-16T12:01:32","modified_gmt":"2025-04-16T10:01:32","slug":"kontakt","status":"publish","type":"page","link":"https:\/\/www.blasorchester-herford.de\/?page_id=23","title":{"rendered":"Lust mitzumachen?"},"content":{"rendered":"<p>Hat diese Seite Dein \/ Ihr Interesse geweckt? M\u00f6chten Sie \/ m\u00f6chtest Du uns kennenlernen und Teil der Gemeinschaft werden?<\/p>\n<p>Dann melde Dich unter https:\/\/forms.office.com\/r\/CQDasy3Jya an und schau mal \u00b4rein.<\/p>\n<p>Nat\u00fcrlich k\u00f6nnen Meldungen auch \u00fcber die unten genannte Email-Adresse erfolgen.<\/p>\n<p>Blasorchester Feuerwehr Herford<br \/>\nWerrestra\u00dfe 103a<br \/>\n32049 Herford<br \/>\nDeutschland<br \/>\nTelefon: 05221-693502<br \/>\nE-Mail: <a href=\"mailto:info@blasorchester-herford.de\">info@blasorchester-herford.de<\/a><\/p>\n<p>&nbsp;<\/p>\n","protected":false},"excerpt":{"rendered":"<p>Hat diese Seite Dein \/ Ihr Interesse geweckt? M\u00f6chten Sie \/ m\u00f6chtest Du uns kennenlernen und Teil der Gemeinschaft werden? Dann melde Dich unter https:\/\/forms.office.com\/r\/CQDasy3Jya an und schau mal \u00b4rein. Nat\u00fcrlich k\u00f6nnen Meldungen auch \u00fcber die unten genannte Email-Adresse erfolgen. Blasorchester Feuerwehr Herford Werrestra\u00dfe 103a 32049 Herford Deutschland Telefon: 05221-693502 E-Mail: info@blasorchester-herford.de &nbsp;<\/p>\n","protected":false},"author":1,"featured_media":0,"parent":0,"menu_order":0,"comment_status":"closed","ping_status":"closed","template":"","meta":[],"_links":{"self":[{"href":"https:\/\/www.blasorchester-herford.de\/index.php?rest_route=\/wp\/v2\/pages\/23"}],"collection":[{"href":"https:\/\/www.blasorchester-herford.de\/index.php?rest_route=\/wp\/v2\/pages"}],"about":[{"href":"https:\/\/www.blasorchester-herford.de\/index.php?rest_route=\/wp\/v2\/types\/page"}],"author":[{"embeddable":true,"href":"https:\/\/www.blasorchester-herford.de\/index.php?rest_route=\/wp\/v2\/users\/1"}],"replies":[{"embeddable":true,"href":"https:\/\/www.blasorchester-herford.de\/index.php?rest_route=%2Fwp%2Fv2%2Fcomments&post=23"}],"version-history":[{"count":33,"href":"https:\/\/www.blasorchester-herford.de\/index.php?rest_route=\/wp\/v2\/pages\/23\/revisions"}],"predecessor-version":[{"id":3391,"href":"https:\/\/www.blasorchester-herford.de\/index.php?rest_route=\/wp\/v2\/pages\/23\/revisions\/3391"}],"wp:attachment":[{"href":"https:\/\/www.blasorchester-herford.de\/index.php?rest_route=%2Fwp%2Fv2%2Fmedia&parent=23"}],"curies":[{"name":"wp","href":"https:\/\/api.w.org\/{rel}","templated":true}]}}