{"id":375,"date":"2013-01-09T22:47:16","date_gmt":"2013-01-09T20:47:16","guid":{"rendered":"http:\/\/www.blasorchester-herford.de\/?page_id=375"},"modified":"2024-11-22T10:26:17","modified_gmt":"2024-11-22T08:26:17","slug":"uberraschend-anders","status":"publish","type":"page","link":"https:\/\/www.blasorchester-herford.de\/?page_id=375","title":{"rendered":"Blasorchester Feuerwehr Herford"},"content":{"rendered":"<p>&nbsp;<\/p>\n<p><img decoding=\"async\" loading=\"lazy\" class=\"alignnone size-full wp-image-3275\" src=\"https:\/\/www.blasorchester-herford.de\/content\/2024\/11\/Buehne-1.jpg\" alt=\"\" width=\"2016\" height=\"1134\" srcset=\"https:\/\/www.blasorchester-herford.de\/content\/2024\/11\/Buehne-1.jpg 2016w, https:\/\/www.blasorchester-herford.de\/content\/2024\/11\/Buehne-1-300x169.jpg 300w, https:\/\/www.blasorchester-herford.de\/content\/2024\/11\/Buehne-1-625x352.jpg 625w, https:\/\/www.blasorchester-herford.de\/content\/2024\/11\/Buehne-1-768x432.jpg 768w, https:\/\/www.blasorchester-herford.de\/content\/2024\/11\/Buehne-1-1536x864.jpg 1536w, https:\/\/www.blasorchester-herford.de\/content\/2024\/11\/Buehne-1-624x351.jpg 624w\" sizes=\"(max-width: 2016px) 100vw, 2016px\" \/><\/p>\n<p><span style=\"font-size: 1rem\">Das Blasorchester Feuerwehr Herford ist ein bunter Mix aus ca. 40 Freizeitmusikern aller Altersgruppen, die sich regelm\u00e4\u00dfig treffen, mit dem Ziel, gemeinsam gute Blasmusik f\u00fcr Jung und Alt zu machen und Spa\u00df zu haben.<\/span><\/p>\n<p>Wir sind ein sinfonisches Blasorchester, daher unterscheidet sich unser Repertoire\u00a0durchaus \u00a0von dem der klassischen Rum-Ta-Ta-Blasmusik. Nat\u00fcrlich haben wir auch M\u00e4rsche oder mal eine Polka im Programm, aber genau so finden sich Musicals, Klassik, Swing und Fernsehmelodien in unseren Notenmappen. Kurzum: bei uns ist f\u00fcr jeden Geschmack etwas dabei! im Vordergrund stehen immer Freude, Spa\u00df und gute Laune!<\/p>\n<p>Neue Mitglieder sind jederzeit herzlich willkommen!<\/p>\n<p>Seit 1986 trifft sich das Orchester regelm\u00e4\u00dfig <strong>donnerstags von 19:30 \u2013 21:30 Uhr<\/strong> zur Probe, seit 1999 sogar im eigenen Probenraum, dem \u201cOrchestergraben\u201c, in der Feuerwache Herford an der Werrestra\u00dfe. <a title=\"Leitung\" href=\"https:\/\/www.blasorchester-herford.de\/?page_id=61\">Musikalischer Leiter<\/a> des Blasorchesters Feuerwehr Herford ist <strong>Heinz Christian T\u00f6lke<\/strong>. Seit einiger Zeit stehen ihm mit Sebastian Busch und Matthias Bucklar zwei weitere Kollegen als Co-Dirigenten zur Seite.<\/p>\n<p>Neben Auftritten zu den unterschiedlichsten Gelegenheiten, die sich \u00fcber das ganze Jahr verteilten, ist es f\u00fcr uns Tradition geworden, in jedem Jahr ein Festkonzert zu geben. F\u00fcr diesen Anlass werden dann auch umfangreichere Konzertst\u00fccke erarbeitet.<\/p>\n<p>Im Rahmen des Hansebundes repr\u00e4sentieren wir regelm\u00e4\u00dfig die Hansestadt Herford bei den westf\u00e4lischen und internationalen Hansetagen im In- und Ausland. Dies f\u00fchrte uns auf Konzertreisen quer durch Nordeuropa, von Belgien bis ins Baltikum, von Bergen (NO) bis Breckerfeld.<\/p>\n<p>Das Blasorchester gliedert sich in vier Register:<\/p>\n<table style=\"height: 615px\" width=\"186\">\n<tbody>\n<tr>\n<td style=\"width: 176.625px;vertical-align: middle\"><img decoding=\"async\" src=\"https:\/\/www.blasorchester-herford.de\/content\/2019\/04\/IMG_20190408_121626.jpg\" alt=\"\" \/><\/td>\n<td style=\"width: 426.375px\"><strong>Dirigent<\/strong> und <strong>Co-Dirigent<\/strong><br \/>\nHeinz-Christian T\u00f6lke und Matthias Bucklar<\/td>\n<\/tr>\n<tr>\n<td style=\"vertical-align: middle;width: 176.625px\"><img decoding=\"async\" src=\"https:\/\/www.blasorchester-herford.de\/content\/2019\/04\/IMG_2019-04-08_10-57-36.jpg\" alt=\"\" \/><\/td>\n<td style=\"vertical-align: middle;width: 426.375px\"><strong>Holz<\/strong><br \/>\nFl\u00f6te, Klarinette, Altsaxophon, Tenorsaxophon, Baritonsaxophon<\/td>\n<\/tr>\n<tr>\n<td style=\"vertical-align: middle;width: 176.625px\"><img decoding=\"async\" src=\"https:\/\/www.blasorchester-herford.de\/content\/2019\/04\/IMG_20190408_120749.jpg\" alt=\"\" \/><\/td>\n<td style=\"vertical-align: middle;width: 426.375px\"><strong>Blech<\/strong><br \/>\nTrompete, Fl\u00fcgelhorn, Tenorhorn, Bariton, Tenorposaune, Bassposaune, Tuba, Sousaphon<\/td>\n<\/tr>\n<tr>\n<td style=\"vertical-align: middle;width: 176.625px\"><img decoding=\"async\" src=\"https:\/\/www.blasorchester-herford.de\/content\/2019\/04\/IMG_20190408_103937.jpg\" alt=\"\" \/><\/td>\n<td style=\"vertical-align: middle;width: 426.375px\"><strong>Percussion<\/strong><br \/>\nSchlagzeug, Pauken, Percussionsset<\/td>\n<\/tr>\n<\/tbody>\n<\/table>\n<p><span style=\"font-size: 1rem\">Nat\u00fcrlich spielen wir auch immer gerne mal im kleineren oder privaten Rahmen ein Konzert oder St\u00e4ndchen zum Geburtstag, Jubil\u00e4um usw. Hierf\u00fcr gibt es die <\/span><a style=\"font-size: 1rem\" href=\"https:\/\/www.blasorchester-herford.de\/?page_id=58\">Combo des BFH<\/a><span style=\"font-size: 1rem\">.<\/span><\/p>\n","protected":false},"excerpt":{"rendered":"<p>&nbsp; Das Blasorchester Feuerwehr Herford ist ein bunter Mix aus ca. 40 Freizeitmusikern aller Altersgruppen, die sich regelm\u00e4\u00dfig treffen, mit dem Ziel, gemeinsam gute Blasmusik f\u00fcr Jung und Alt zu machen und Spa\u00df zu haben. Wir sind ein sinfonisches Blasorchester, daher unterscheidet sich unser Repertoire\u00a0durchaus \u00a0von dem der klassischen Rum-Ta-Ta-Blasmusik. Nat\u00fcrlich haben wir auch M\u00e4rsche [&hellip;]<\/p>\n","protected":false},"author":2,"featured_media":0,"parent":0,"menu_order":0,"comment_status":"closed","ping_status":"closed","template":"","meta":[],"_links":{"self":[{"href":"https:\/\/www.blasorchester-herford.de\/index.php?rest_route=\/wp\/v2\/pages\/375"}],"collection":[{"href":"https:\/\/www.blasorchester-herford.de\/index.php?rest_route=\/wp\/v2\/pages"}],"about":[{"href":"https:\/\/www.blasorchester-herford.de\/index.php?rest_route=\/wp\/v2\/types\/page"}],"author":[{"embeddable":true,"href":"https:\/\/www.blasorchester-herford.de\/index.php?rest_route=\/wp\/v2\/users\/2"}],"replies":[{"embeddable":true,"href":"https:\/\/www.blasorchester-herford.de\/index.php?rest_route=%2Fwp%2Fv2%2Fcomments&post=375"}],"version-history":[{"count":29,"href":"https:\/\/www.blasorchester-herford.de\/index.php?rest_route=\/wp\/v2\/pages\/375\/revisions"}],"predecessor-version":[{"id":1351,"href":"https:\/\/www.blasorchester-herford.de\/index.php?rest_route=\/wp\/v2\/pages\/375\/revisions\/1351"}],"wp:attachment":[{"href":"https:\/\/www.blasorchester-herford.de\/index.php?rest_route=%2Fwp%2Fv2%2Fmedia&parent=375"}],"curies":[{"name":"wp","href":"https:\/\/api.w.org\/{rel}","templated":true}]}}