{"id":40,"date":"2012-09-29T15:17:44","date_gmt":"2012-09-29T13:17:44","guid":{"rendered":"http:\/\/www.blasorchester-herford.de\/wordpress\/?page_id=40"},"modified":"2025-04-16T12:04:50","modified_gmt":"2025-04-16T10:04:50","slug":"buchen","status":"publish","type":"page","link":"https:\/\/www.blasorchester-herford.de\/?page_id=40","title":{"rendered":"Buchen und Kontakt"},"content":{"rendered":"<p><span style=\"float: none;background-color: transparent;color: #444444;font-family: 'Open Sans',Helvetica,Arial,sans-serif;font-size: 14px;font-style: normal;font-variant: normal;font-weight: 400;letter-spacing: normal;line-height: 23.99px;text-align: left;text-decoration: none;text-indent: 0px\">Wenn Sie unser Orchester oder unsere Combo f\u00fcr einen besonderen Anlass buchen m\u00f6chten, k\u00f6nnen Sie sich gerne mit uns in Verbindung setzen, per Telefon unter 05221-693502, oder per E-Mail an <\/span><a title=\"buchen@blasorchester-herford.de\">buchen@blasorchester-herford.de<\/a><span style=\"float: none;background-color: transparent;color: #444444;font-family: 'Open Sans',Helvetica,Arial,sans-serif;font-size: 14px;font-style: normal;font-variant: normal;font-weight: 400;letter-spacing: normal;line-height: 23.99px;text-align: left;text-decoration: none;text-indent: 0px\">. <\/span><\/p>\n<p>Sie k\u00f6nnen f\u00fcr Ihre Buchungsanfrage auch einfach dieses Formular nutzen:<\/p>\n<form style=\"margin: 0px 0px 0px 0px; padding: 0px 0px 0px 0px;\" accept-charset=\"utf-8\" action=\"index.php?page_id=0\" method=\"post\">\n\n<div style=\"display:none;\">\n<label for=\"e-mail-adress\">E-Mail-Adresse:<\/label><input id=\"e-mail-adress\" type=\"text\" name=\"e-mail\" value=\"\" \/>\n<\/div>\n\n<p style=\"margin: 20px 0px 5px 0px;\">Ihr Name: <\/p><input style=\"width: 100%; margin: 0px 0px 0px;\" type=\"text\" name=\"namen\" value=\"\" \/>\n\n<p style=\"margin: 20px 0px 5px 0px;\">Ihre E-Mail-Adresse: <\/p><input style=\"width: 100%; margin: 0px 0px 0px;\" type=\"text\" name=\"em\" value=\"\" \/>\n\n<p style=\"margin: 20px 0px 5px 0px;\">Ihre Telefonnummer: <\/p><input style=\"width: 100%; margin: 0px 0px 0px;\" type=\"text\" name=\"tel\" value=\"\" \/>\n\n<p style=\"margin: 20px 0px 5px 0px;\">Gew\u00fcnschtes Orchester: <\/p>\n<input style='margin: 0px 5px 0px 0px;' type='radio' name='orchester' value='1'\/><span style='margin: 0px 10px 0px 0px;'>Blasorchester<\/span>\r\n<input style='margin: 0px 5px 0px 0px;' type='radio' name='orchester' value='2'\/><span style='margin: 0px 10px 0px 0px;'>Combo<\/span>\r\n<input style='margin: 0px 5px 0px 0px;' type='radio' name='orchester' value='3'\/><span style='margin: 0px 10px 0px 0px;'>Ensemble<\/span>\r\n\n\n<p style=\"margin: 20px 0px 5px 0px;\">Gew\u00fcnschter Termin: <\/p>\n<select style=\"width: 80px; margin: 0px 10px 0px 0px;\" size=\"1\" name=\"termin-tag\">\n<option style=\"margin: 0px;\" value=\"\">Tag<\/option>\n<option value='01'>01<\/option>\r\n<option value='02'>02<\/option>\r\n<option value='03'>03<\/option>\r\n<option value='04'>04<\/option>\r\n<option value='05'>05<\/option>\r\n<option value='06'>06<\/option>\r\n<option value='07'>07<\/option>\r\n<option value='08'>08<\/option>\r\n<option value='09'>09<\/option>\r\n<option value='10'>10<\/option>\r\n<option value='11'>11<\/option>\r\n<option value='12'>12<\/option>\r\n<option value='13'>13<\/option>\r\n<option value='14'>14<\/option>\r\n<option value='15'>15<\/option>\r\n<option value='16'>16<\/option>\r\n<option value='17'>17<\/option>\r\n<option value='18'>18<\/option>\r\n<option value='19'>19<\/option>\r\n<option value='20'>20<\/option>\r\n<option value='21'>21<\/option>\r\n<option value='22'>22<\/option>\r\n<option value='23'>23<\/option>\r\n<option value='24'>24<\/option>\r\n<option value='25'>25<\/option>\r\n<option value='26'>26<\/option>\r\n<option value='27'>27<\/option>\r\n<option value='28'>28<\/option>\r\n<option value='29'>29<\/option>\r\n<option value='30'>30<\/option>\r\n<option value='31'>31<\/option>\r\n\n<\/select>\n<select style=\"width: 80px; margin: 0px 10px 0px 0px\" size=\"1\" name=\"termin-monat\">\n<option value=\"\">Monat<\/option>\n<option value='01'>01<\/option>\r\n<option value='02'>02<\/option>\r\n<option value='03'>03<\/option>\r\n<option value='04'>04<\/option>\r\n<option value='05'>05<\/option>\r\n<option value='06'>06<\/option>\r\n<option value='07'>07<\/option>\r\n<option value='08'>08<\/option>\r\n<option value='09'>09<\/option>\r\n<option value='10'>10<\/option>\r\n<option value='11'>11<\/option>\r\n<option value='12'>12<\/option>\r\n\n<\/select>\n<select style=\"width: 80px; margin: 0px;\" size=\"1\" name=\"termin-jahr\">\n<option value=\"\">Jahr<\/option>\n<option value='2026'>2026<\/option>\r\n<option value='2027'>2027<\/option>\r\n<option value='2028'>2028<\/option>\r\n<option value='2029'>2029<\/option>\r\n\n<\/select>\n\n<p style=\"margin: 20px 0px 5px 0px;\">Gew\u00fcnschter Ort: <\/p><input style=\"width: 100%; margin: 0px 0px 0px;\" type=\"text\" name=\"ort\" value=\"\" \/>\n\n<p style=\"margin: 20px 0px 5px 0px;\">Weitere Informationen: <\/p>\n<textarea style=\"width: 100%; height: 100px; margin: 0px;\" name=\"message\"><\/textarea>\n\n<p style=\"margin: 20px 0px 5px 0px;\">\n<label>\n<input type=\"checkbox\" name=\"privacy\" value=\"Die Informationen zum Datenschutz wurden zur Kenntnis genommen.\"> Die Informationen zum <a href=\"https:\/\/www.blasorchester-herford.de\/?page_id=2237\" target=\"_blank\">Datenschutz<\/a> wurden zur Kenntnis genommen. \n<\/label>\n<\/p>\n\n<input style=\"width: 100px; margin: 20px 10px 0px 0px;\" type=\"submit\" value=\"Senden\" \/><input style=\"width: 100px; margin: 20px 0px 0px 0px;\" type=\"button\" value=\"L\u00f6schen\" onclick=\"document.location.href='index.php?page_id=0'\" \/>\n\n<input type=\"hidden\" name=\"sent\" value=\"1\"\/>\n\n<input type=\"hidden\" name=\"test\" value=\"53\"\/>\n\n<\/form>\n\n<p>M\u00f6chten Sie aus anderen Gr\u00fcnden Kontakt zu uns aufnehmen? Bitte E-Mail an info@blasorchester-herford.de &#8230;<\/p>\n<p>&nbsp;<\/p>\n","protected":false},"excerpt":{"rendered":"<p>Wenn Sie unser Orchester oder unsere Combo f\u00fcr einen besonderen Anlass buchen m\u00f6chten, k\u00f6nnen Sie sich gerne mit uns in Verbindung setzen, per Telefon unter 05221-693502, oder per E-Mail an buchen@blasorchester-herford.de. Sie k\u00f6nnen f\u00fcr Ihre Buchungsanfrage auch einfach dieses Formular nutzen: M\u00f6chten Sie aus anderen Gr\u00fcnden Kontakt zu uns aufnehmen? Bitte E-Mail an info@blasorchester-herford.de &#8230; [&hellip;]<\/p>\n","protected":false},"author":1,"featured_media":0,"parent":0,"menu_order":0,"comment_status":"closed","ping_status":"closed","template":"","meta":[],"_links":{"self":[{"href":"https:\/\/www.blasorchester-herford.de\/index.php?rest_route=\/wp\/v2\/pages\/40"}],"collection":[{"href":"https:\/\/www.blasorchester-herford.de\/index.php?rest_route=\/wp\/v2\/pages"}],"about":[{"href":"https:\/\/www.blasorchester-herford.de\/index.php?rest_route=\/wp\/v2\/types\/page"}],"author":[{"embeddable":true,"href":"https:\/\/www.blasorchester-herford.de\/index.php?rest_route=\/wp\/v2\/users\/1"}],"replies":[{"embeddable":true,"href":"https:\/\/www.blasorchester-herford.de\/index.php?rest_route=%2Fwp%2Fv2%2Fcomments&post=40"}],"version-history":[{"count":20,"href":"https:\/\/www.blasorchester-herford.de\/index.php?rest_route=\/wp\/v2\/pages\/40\/revisions"}],"predecessor-version":[{"id":3393,"href":"https:\/\/www.blasorchester-herford.de\/index.php?rest_route=\/wp\/v2\/pages\/40\/revisions\/3393"}],"wp:attachment":[{"href":"https:\/\/www.blasorchester-herford.de\/index.php?rest_route=%2Fwp%2Fv2%2Fmedia&parent=40"}],"curies":[{"name":"wp","href":"https:\/\/api.w.org\/{rel}","templated":true}]}}