{"id":44,"date":"2012-09-29T15:22:37","date_gmt":"2012-09-29T13:22:37","guid":{"rendered":"http:\/\/www.blasorchester-herford.de\/wordpress\/?page_id=44"},"modified":"2025-03-11T10:02:45","modified_gmt":"2025-03-11T08:02:45","slug":"termine","status":"publish","type":"page","link":"https:\/\/www.blasorchester-herford.de\/?page_id=44","title":{"rendered":"Aufwind BFH"},"content":{"rendered":"<p><span style=\"font-size: 1rem\">So hei\u00dft ab sofort unser Einsteiger-Orchester, das wir hier genauer vorstellen wollen.<\/span><\/p>\n<p><img decoding=\"async\" loading=\"lazy\" class=\"alignnone wp-image-3351\" src=\"https:\/\/www.blasorchester-herford.de\/content\/2025\/02\/PXL_20250212_1703478032-scaled.jpg\" alt=\"\" width=\"366\" height=\"273\" srcset=\"https:\/\/www.blasorchester-herford.de\/content\/2025\/02\/PXL_20250212_1703478032-scaled.jpg 2560w, https:\/\/www.blasorchester-herford.de\/content\/2025\/02\/PXL_20250212_1703478032-300x223.jpg 300w, https:\/\/www.blasorchester-herford.de\/content\/2025\/02\/PXL_20250212_1703478032-625x466.jpg 625w, https:\/\/www.blasorchester-herford.de\/content\/2025\/02\/PXL_20250212_1703478032-768x572.jpg 768w, https:\/\/www.blasorchester-herford.de\/content\/2025\/02\/PXL_20250212_1703478032-1536x1144.jpg 1536w, https:\/\/www.blasorchester-herford.de\/content\/2025\/02\/PXL_20250212_1703478032-2048x1525.jpg 2048w, https:\/\/www.blasorchester-herford.de\/content\/2025\/02\/PXL_20250212_1703478032-624x465.jpg 624w\" sizes=\"(max-width: 366px) 100vw, 366px\" \/><\/p>\n<p>Das Aufwind BFH l\u00e4dt Musiker aller Altersklassen zum gemeinsamen Musizieren ein. Du solltest\u00a0 gute Grundkenntnisse mitbringen (1,5 Jahre Unterricht) und zwischen 8 und 88 Jahren alt sein. Es ist dabei v\u00f6llig egal, ob Du Dein Instrument neu erlernst oder lange pausiert hast, hier ergibt sich die Gelegenheit in der Gruppe Erfahrungen zu sammeln, auf Deinem Instrument &#8222;fit&#8220; zu werden und das Zusammenspiel in einer gr\u00f6\u00dferen Gruppe zu erlernen. Seien wir mal ehrlich, wer \u00fcbt schon gerne immer alleine in seinem Zimmer? Gemeinsam macht Musik viel mehr Spa\u00df!<\/p>\n<p>Unterst\u00fctzt werden die &#8222;Neuen&#8220; von Mitgliedern des BFH, die selber f\u00fcr sie fremde Instrumente ausprobieren wollen und nebenbei auch coachen. In regelm\u00e4\u00dfigen Abst\u00e4nden wird es auch gemeinsame Proben mit dem &#8222;gro\u00dfen Orchester&#8220; geben. Und nat\u00fcrlich wird nicht nur geprobt, sondern es stehen auch Auftritte an, damit das Erlernte pr\u00e4sentiert werden kann.<\/p>\n<p>Unterricht und Leihinstrumente k\u00f6nnen bei Bedarf vermittelt werden.<\/p>\n<p>Instrumente, die zu einem Blasorchester geh\u00f6ren und die wir herzlich willkommen hei\u00dfen, sind: Fl\u00f6te, Oboe, Klarinette, Saxophon, Trompete, Horn, Posaune, Tenorhorn, Baritonhorn, Fagott, Tuba, Schlagzeug und Percussion. Wenn Du unsicher bist, ob Du zu uns passt, dann frag einfach nach unter\u00a0<a href=\"aufwind@blasorchester-herford.de\">aufwind@blasorchester-herford.de <\/a><\/p>\n<p>Wer sich direkt anmelden m\u00f6chte kann das tun unter\u00a0<a href=\"https:\/\/forms.office.com\/r\/AAm6axvRZb\">https:\/\/forms.office.com\/r\/AAm6axvRZb<\/a><\/p>\n<p>&nbsp;<\/p>\n<p>Musikalische Leitung:<\/p>\n<p>F\u00fcr die musikalischen Belange ist Sebastian Busch verantwortlich. Er ist nicht nur Co-Dirigent des BFH, sondern hat in seiner alten Heimat bereits langj\u00e4hrige Erfahrung mit Nachwuchsorchestern gesammelt.<\/p>\n<p><img decoding=\"async\" loading=\"lazy\" class=\"alignnone  wp-image-3373\" src=\"https:\/\/www.blasorchester-herford.de\/content\/2025\/03\/Buschi-scaled.jpg\" alt=\"\" width=\"210\" height=\"280\" srcset=\"https:\/\/www.blasorchester-herford.de\/content\/2025\/03\/Buschi-scaled.jpg 1922w, https:\/\/www.blasorchester-herford.de\/content\/2025\/03\/Buschi-225x300.jpg 225w, https:\/\/www.blasorchester-herford.de\/content\/2025\/03\/Buschi-625x832.jpg 625w, https:\/\/www.blasorchester-herford.de\/content\/2025\/03\/Buschi-768x1023.jpg 768w, https:\/\/www.blasorchester-herford.de\/content\/2025\/03\/Buschi-1153x1536.jpg 1153w, https:\/\/www.blasorchester-herford.de\/content\/2025\/03\/Buschi-1538x2048.jpg 1538w, https:\/\/www.blasorchester-herford.de\/content\/2025\/03\/Buschi-624x831.jpg 624w\" sizes=\"(max-width: 210px) 100vw, 210px\" \/><\/p>\n<p>&nbsp;<\/p>\n","protected":false},"excerpt":{"rendered":"<p>So hei\u00dft ab sofort unser Einsteiger-Orchester, das wir hier genauer vorstellen wollen. Das Aufwind BFH l\u00e4dt Musiker aller Altersklassen zum gemeinsamen Musizieren ein. Du solltest\u00a0 gute Grundkenntnisse mitbringen (1,5 Jahre Unterricht) und zwischen 8 und 88 Jahren alt sein. Es ist dabei v\u00f6llig egal, ob Du Dein Instrument neu erlernst oder lange pausiert hast, hier [&hellip;]<\/p>\n","protected":false},"author":1,"featured_media":0,"parent":0,"menu_order":0,"comment_status":"closed","ping_status":"closed","template":"","meta":[],"_links":{"self":[{"href":"https:\/\/www.blasorchester-herford.de\/index.php?rest_route=\/wp\/v2\/pages\/44"}],"collection":[{"href":"https:\/\/www.blasorchester-herford.de\/index.php?rest_route=\/wp\/v2\/pages"}],"about":[{"href":"https:\/\/www.blasorchester-herford.de\/index.php?rest_route=\/wp\/v2\/types\/page"}],"author":[{"embeddable":true,"href":"https:\/\/www.blasorchester-herford.de\/index.php?rest_route=\/wp\/v2\/users\/1"}],"replies":[{"embeddable":true,"href":"https:\/\/www.blasorchester-herford.de\/index.php?rest_route=%2Fwp%2Fv2%2Fcomments&post=44"}],"version-history":[{"count":243,"href":"https:\/\/www.blasorchester-herford.de\/index.php?rest_route=\/wp\/v2\/pages\/44\/revisions"}],"predecessor-version":[{"id":3374,"href":"https:\/\/www.blasorchester-herford.de\/index.php?rest_route=\/wp\/v2\/pages\/44\/revisions\/3374"}],"wp:attachment":[{"href":"https:\/\/www.blasorchester-herford.de\/index.php?rest_route=%2Fwp%2Fv2%2Fmedia&parent=44"}],"curies":[{"name":"wp","href":"https:\/\/api.w.org\/{rel}","templated":true}]}}