{"id":500,"date":"2013-07-05T22:06:01","date_gmt":"2013-07-05T20:06:01","guid":{"rendered":"http:\/\/www.blasorchester-herford.de\/?page_id=500"},"modified":"2022-12-06T21:43:15","modified_gmt":"2022-12-06T19:43:15","slug":"impressum","status":"publish","type":"page","link":"https:\/\/www.blasorchester-herford.de\/?page_id=500","title":{"rendered":"Impressum"},"content":{"rendered":"<p><strong>Autor<\/strong><br \/>\nInhaltlich Verantwortlicher gem\u00e4\u00df \u00a7 10 Absatz 3 MDStV: Tanja Garbsch<\/p>\n<p><strong>Kontakt<\/strong><br \/>\nBlasorchester Feuerwehr Herford<br \/>\nWerrestra\u00dfe 103a<br \/>\n32049 Herford<br \/>\nDeutschland<br \/>\nTelefon: 05221\/693502<br \/>\nE-Mail: <a title=\"info@blasorchester-herford.de\" href=\"mailto:info@blasorchester-herford.de\">info@blasorchester-herford.de<\/a><\/p>\n<p><strong>Kontoverbindung<\/strong><br \/>\nKontoinhaber: Blasorchester Feuerwehr Herford<br \/>\nBank: Sparkasse Herford<br \/>\nIBAN: DE05494501201000638054<br \/>\nBIC: WLAHDE44XXX<\/p>\n<p><strong>Technische Betreuung der Website<\/strong><br \/>\nE-Mail: <a title=\"administrator@blasorchester-herford.de\" href=\"mailto:administrator@blasorchester-herford.de\">administrator@blasorchester-herford.de<\/a><br \/>\nPublishing-System: <a title=\"de.wordpress.org\" href=\"http:\/\/de.wordpress.org\" target=\"_blank\" rel=\"noopener\">WordPress<\/a><\/p>\n<p><strong>Haftungsausschluss<\/strong><\/p>\n<p>1. Inhalt des Onlineangebotes<br \/>\nDie Inhalte unserer Seiten wurden mit gr\u00f6\u00dfter Sorgfalt erstellt. F\u00fcr die Richtigkeit, Vollst\u00e4ndigkeit und Aktualit\u00e4t der Inhalte k\u00f6nnen wir jedoch keine Gew\u00e4hr \u00fcbernehmen. Als Diensteanbieter sind wir gem\u00e4\u00df \u00a7 6 Absatz 1 MDStV und \u00a7 8 Absatz 1 TDG f\u00fcr eigene Inhalte auf diesen Seiten nach den allgemeinen Gesetzen verantwortlich. Diensteanbieter sind jedoch nicht verpflichtet, die von ihnen \u00fcbermittelten oder gespeicherten fremden Informationen zu \u00fcberwachen oder nach Umst\u00e4nden zu forschen, die auf eine rechtswidrige T\u00e4tigkeit hinweisen. Verpflichtungen zur Entfernung oder Sperrung der Nutzung von Informationen nach den allgemeinen Gesetzen bleiben hiervon unber\u00fchrt. Eine diesbez\u00fcgliche Haftung ist jedoch erst ab dem Zeitpunkt der Kenntnis einer konkreten Rechtsverletzung m\u00f6glich. Bei bekannt werden von entsprechenden Rechtsverletzungen werde wir diese Inhalte umgehend entfernen.<\/p>\n<p>2. Verweise und Links<br \/>\nUnser Angebot enth\u00e4lt Links zu externen Webseiten Dritter, auf deren Inhalte wir keinen Einfluss habe. Deshalb k\u00f6nnen wir f\u00fcr diese fremden Inhalte auch keine Gew\u00e4hr \u00fcbernehmen. F\u00fcr die Inhalte der verlinkten Seiten sind stets die jeweiligen Anbieter oder Betreiber der Seiten verantwortlich. Die verlinkten Seiten wurden zum Zeitpunkt der Verlinkung auf m\u00f6gliche Rechtsverst\u00f6\u00dfe \u00fcberpr\u00fcft. Rechtswidrige Inhalte waren zum Zeitpunkt der Verlinkung nicht erkennbar. Eine permanente inhaltliche Kontrolle der verlinkten Seiten ist jedoch ohne konkrete Anhaltspunkte einer Rechtsverletzung nicht zumutbar. Bei bekannt werden von Rechtsverletzungen werden wir derartige Links schnellstm\u00f6glich entfernen.<\/p>\n<p>3. Urheber- und Kennzeichenrecht<br \/>\nDie Betreiber dieser Seiten sind bem\u00fcht, stets die Urheberrechte anderer zu beachten bzw. auf selbst erstellte sowie lizenzfreie Werke zur\u00fcckzugreifen. Sollten sich doch Urheberrechtsverletzungen eingeschlichen haben, werden wir betroffene Inhalte schnellstm\u00f6glich entfernen, sobald uns diese Urheberrechtsverletzungen auf einfachem Wege (z.B. per eMail) mitgeteilt werden. Die durch die Seitenbetreiber erstellten Inhalte und Werke auf diesen Seiten unterliegen dem deutschen Urheberrecht. Beitr\u00e4ge Dritter sind als solche gekennzeichnet. Die Vervielf\u00e4ltigung, Bearbeitung, Verbreitung und jede Art der Verwertung au\u00dferhalb der Grenzen des Urheberrechtes bed\u00fcrfen der schriftlichen Zustimmung des jeweiligen Autors bzw. Erstellers.<\/p>\n<p>4. Datenschutz<br \/>\nDer Nutzung von im Rahmen der Impressumspflicht ver\u00f6ffentlichten Kontaktdaten durch Dritte zur \u00dcbersendung von nicht ausdr\u00fccklich angeforderter Werbung und Informationsmaterialien wird hiermit ausdr\u00fccklich widersprochen. Die Betreiber dieser Seiten behalten sich ausdr\u00fccklich rechtliche Schritte im Falle der unverlangten Zusendung von Werbeinformationen, etwa durch Spam-Mails, vor.<\/p>\n<p>5. Rechtswirksamkeit dieses Haftungsausschlusses<br \/>\nDieser Haftungsausschluss ist als Teil des Internetangebotes zu betrachten, von dem aus auf diese Seite verwiesen wurde. Sofern Teile oder einzelne Formulierungen dieses Textes der geltenden Rechtslage nicht, nicht mehr oder nicht vollst\u00e4ndig entsprechen sollten, bleiben die \u00fcbrigen Teile des Dokumentes in ihrem Inhalt und ihrer G\u00fcltigkeit davon unber\u00fchrt.<\/p>\n","protected":false},"excerpt":{"rendered":"<p>Autor Inhaltlich Verantwortlicher gem\u00e4\u00df \u00a7 10 Absatz 3 MDStV: Tanja Garbsch Kontakt Blasorchester Feuerwehr Herford Werrestra\u00dfe 103a 32049 Herford Deutschland Telefon: 05221\/693502 E-Mail: info@blasorchester-herford.de Kontoverbindung Kontoinhaber: Blasorchester Feuerwehr Herford Bank: Sparkasse Herford IBAN: DE05494501201000638054 BIC: WLAHDE44XXX Technische Betreuung der Website E-Mail: administrator@blasorchester-herford.de Publishing-System: WordPress Haftungsausschluss 1. Inhalt des Onlineangebotes Die Inhalte unserer Seiten wurden mit [&hellip;]<\/p>\n","protected":false},"author":1,"featured_media":0,"parent":0,"menu_order":0,"comment_status":"closed","ping_status":"closed","template":"","meta":[],"_links":{"self":[{"href":"https:\/\/www.blasorchester-herford.de\/index.php?rest_route=\/wp\/v2\/pages\/500"}],"collection":[{"href":"https:\/\/www.blasorchester-herford.de\/index.php?rest_route=\/wp\/v2\/pages"}],"about":[{"href":"https:\/\/www.blasorchester-herford.de\/index.php?rest_route=\/wp\/v2\/types\/page"}],"author":[{"embeddable":true,"href":"https:\/\/www.blasorchester-herford.de\/index.php?rest_route=\/wp\/v2\/users\/1"}],"replies":[{"embeddable":true,"href":"https:\/\/www.blasorchester-herford.de\/index.php?rest_route=%2Fwp%2Fv2%2Fcomments&post=500"}],"version-history":[{"count":11,"href":"https:\/\/www.blasorchester-herford.de\/index.php?rest_route=\/wp\/v2\/pages\/500\/revisions"}],"predecessor-version":[{"id":3100,"href":"https:\/\/www.blasorchester-herford.de\/index.php?rest_route=\/wp\/v2\/pages\/500\/revisions\/3100"}],"wp:attachment":[{"href":"https:\/\/www.blasorchester-herford.de\/index.php?rest_route=%2Fwp%2Fv2%2Fmedia&parent=500"}],"curies":[{"name":"wp","href":"https:\/\/api.w.org\/{rel}","templated":true}]}}