{"id":58,"date":"2012-09-29T16:31:33","date_gmt":"2012-09-29T14:31:33","guid":{"rendered":"http:\/\/www.blasorchester-herford.de\/wordpress\/?page_id=58"},"modified":"2019-05-22T11:58:24","modified_gmt":"2019-05-22T09:58:24","slug":"harmonic-youngsters","status":"publish","type":"page","link":"https:\/\/www.blasorchester-herford.de\/?page_id=58","title":{"rendered":"Combo des BFH"},"content":{"rendered":"<p>&nbsp;<\/p>\n<p>Seit dem Sommer 2017 hat das Blasorchester Feuerwehr Herford mit der Combo sein Bet\u00e4tigungsfeld erweitert.<\/p>\n<p><img decoding=\"async\" loading=\"lazy\" class=\"alignnone  wp-image-2586\" src=\"https:\/\/www.blasorchester-herford.de\/content\/2019\/05\/IMG_20190505_140909.jpg\" alt=\"\" width=\"587\" height=\"381\" srcset=\"https:\/\/www.blasorchester-herford.de\/content\/2019\/05\/IMG_20190505_140909.jpg 1111w, https:\/\/www.blasorchester-herford.de\/content\/2019\/05\/IMG_20190505_140909-300x195.jpg 300w, https:\/\/www.blasorchester-herford.de\/content\/2019\/05\/IMG_20190505_140909-768x498.jpg 768w, https:\/\/www.blasorchester-herford.de\/content\/2019\/05\/IMG_20190505_140909-625x406.jpg 625w, https:\/\/www.blasorchester-herford.de\/content\/2019\/05\/IMG_20190505_140909-624x405.jpg 624w\" sizes=\"(max-width: 587px) 100vw, 587px\" \/><\/p>\n<p><img decoding=\"async\" loading=\"lazy\" class=\"alignnone  wp-image-2593\" src=\"https:\/\/www.blasorchester-herford.de\/content\/2019\/05\/IMG-20180518-WA0033.jpg\" alt=\"\" width=\"586\" height=\"391\" srcset=\"https:\/\/www.blasorchester-herford.de\/content\/2019\/05\/IMG-20180518-WA0033.jpg 1280w, https:\/\/www.blasorchester-herford.de\/content\/2019\/05\/IMG-20180518-WA0033-300x200.jpg 300w, https:\/\/www.blasorchester-herford.de\/content\/2019\/05\/IMG-20180518-WA0033-768x512.jpg 768w, https:\/\/www.blasorchester-herford.de\/content\/2019\/05\/IMG-20180518-WA0033-625x417.jpg 625w, https:\/\/www.blasorchester-herford.de\/content\/2019\/05\/IMG-20180518-WA0033-624x416.jpg 624w\" sizes=\"(max-width: 586px) 100vw, 586px\" \/><\/p>\n<p><span style=\"float: none;background-color: transparent;color: #444444;font-family: 'Open Sans',Helvetica,Arial,sans-serif;font-size: 14px;font-style: normal;font-variant: normal;font-weight: 400;letter-spacing: normal;line-height: 23.99px;text-align: left;text-decoration: none;text-indent: 0px\">Normalerweise ben\u00f6tigen wir als sinfonisches Blasorchester eine gr\u00f6\u00dfere Mindestanzahl von Musikern, um unser Programm spielen zu k\u00f6nnen. Jetzt haben wir zus\u00e4tzlich ein Repertoire aus Titeln <span style=\"float: none;background-color: transparent;color: #444444;cursor: text;font-family: 'Open Sans',Helvetica,Arial,sans-serif;font-size: 14px;font-style: normal;font-variant: normal;font-weight: 400;letter-spacing: normal;text-align: left;text-decoration: none;text-indent: 0px\">nahezu aller Musikgenres <\/span>zusammengestellt, das wir auch mit 5 bis 10 Musikern pr\u00e4sentieren k\u00f6nnen.<\/span> Dieser Combo reicht auch Ihr heimisches Wohnzimmer als B\u00fchne f\u00fcr eine musikalische \u00dcberraschung zum Geburtstag, Hochzeitstag, Jubil\u00e4um, &#8230;<\/p>\n<p><a href=\"https:\/\/www.blasorchester-herford.de\/?page_id=40\">Buchen<\/a> Sie die Combo des BFH jetzt f\u00fcr Ihren Anlass.<\/p>\n","protected":false},"excerpt":{"rendered":"<p>&nbsp; Seit dem Sommer 2017 hat das Blasorchester Feuerwehr Herford mit der Combo sein Bet\u00e4tigungsfeld erweitert. Normalerweise ben\u00f6tigen wir als sinfonisches Blasorchester eine gr\u00f6\u00dfere Mindestanzahl von Musikern, um unser Programm spielen zu k\u00f6nnen. Jetzt haben wir zus\u00e4tzlich ein Repertoire aus Titeln nahezu aller Musikgenres zusammengestellt, das wir auch mit 5 bis 10 Musikern pr\u00e4sentieren k\u00f6nnen. [&hellip;]<\/p>\n","protected":false},"author":1,"featured_media":0,"parent":375,"menu_order":3,"comment_status":"closed","ping_status":"closed","template":"","meta":[],"_links":{"self":[{"href":"https:\/\/www.blasorchester-herford.de\/index.php?rest_route=\/wp\/v2\/pages\/58"}],"collection":[{"href":"https:\/\/www.blasorchester-herford.de\/index.php?rest_route=\/wp\/v2\/pages"}],"about":[{"href":"https:\/\/www.blasorchester-herford.de\/index.php?rest_route=\/wp\/v2\/types\/page"}],"author":[{"embeddable":true,"href":"https:\/\/www.blasorchester-herford.de\/index.php?rest_route=\/wp\/v2\/users\/1"}],"replies":[{"embeddable":true,"href":"https:\/\/www.blasorchester-herford.de\/index.php?rest_route=%2Fwp%2Fv2%2Fcomments&post=58"}],"version-history":[{"count":42,"href":"https:\/\/www.blasorchester-herford.de\/index.php?rest_route=\/wp\/v2\/pages\/58\/revisions"}],"predecessor-version":[{"id":2594,"href":"https:\/\/www.blasorchester-herford.de\/index.php?rest_route=\/wp\/v2\/pages\/58\/revisions\/2594"}],"up":[{"embeddable":true,"href":"https:\/\/www.blasorchester-herford.de\/index.php?rest_route=\/wp\/v2\/pages\/375"}],"wp:attachment":[{"href":"https:\/\/www.blasorchester-herford.de\/index.php?rest_route=%2Fwp%2Fv2%2Fmedia&parent=58"}],"curies":[{"name":"wp","href":"https:\/\/api.w.org\/{rel}","templated":true}]}}